{"id":266,"date":"2020-03-29T16:44:21","date_gmt":"2020-03-29T16:44:21","guid":{"rendered":"https:\/\/www.diolicopia.pt\/wp\/?page_id=266"},"modified":"2020-03-29T18:11:26","modified_gmt":"2020-03-29T18:11:26","slug":"orcamentos","status":"publish","type":"page","link":"https:\/\/www.diolicopia.pt\/wp\/orcamentos\/","title":{"rendered":"Or\u00e7amentos"},"content":{"rendered":"\t\t<div data-elementor-type=\"wp-page\" data-elementor-id=\"266\" class=\"elementor elementor-266\">\n\t\t\t\t\t\t<section class=\"elementor-section elementor-top-section elementor-element elementor-element-2bc49a4 elementor-section-full_width elementor-section-height-default elementor-section-height-default\" data-id=\"2bc49a4\" data-element_type=\"section\" data-e-type=\"section\">\n\t\t\t\t\t\t<div class=\"elementor-container elementor-column-gap-default\">\n\t\t\t\t\t<div class=\"elementor-column elementor-col-100 elementor-top-column elementor-element elementor-element-d6b0491\" data-id=\"d6b0491\" data-element_type=\"column\" data-e-type=\"column\">\n\t\t\t<div class=\"elementor-widget-wrap elementor-element-populated\">\n\t\t\t\t\t\t<div class=\"elementor-element elementor-element-87a8ff0 elementor-widget elementor-widget-heading\" data-id=\"87a8ff0\" data-element_type=\"widget\" data-e-type=\"widget\" data-widget_type=\"heading.default\">\n\t\t\t\t<div class=\"elementor-widget-container\">\n\t\t\t\t\t<h1 class=\"elementor-heading-title elementor-size-default\">Or\u00e7amentos<\/h1>\t\t\t\t<\/div>\n\t\t\t\t<\/div>\n\t\t\t\t<section class=\"elementor-section elementor-inner-section elementor-element elementor-element-28f8711 elementor-section-full_width elementor-section-height-default elementor-section-height-default\" data-id=\"28f8711\" data-element_type=\"section\" data-e-type=\"section\">\n\t\t\t\t\t\t<div class=\"elementor-container elementor-column-gap-default\">\n\t\t\t\t\t<div class=\"elementor-column elementor-col-50 elementor-inner-column elementor-element elementor-element-8cbc593\" data-id=\"8cbc593\" data-element_type=\"column\" data-e-type=\"column\">\n\t\t\t<div class=\"elementor-widget-wrap elementor-element-populated\">\n\t\t\t\t\t\t<div class=\"elementor-element elementor-element-4cb68c4 elementor-widget elementor-widget-shortcode\" data-id=\"4cb68c4\" data-element_type=\"widget\" data-e-type=\"widget\" data-widget_type=\"shortcode.default\">\n\t\t\t\t<div class=\"elementor-widget-container\">\n\t\t\t\t\t\t\t<div class=\"elementor-shortcode\">\n<div class=\"wpcf7 no-js\" id=\"wpcf7-f265-o1\" lang=\"pt-PT\" dir=\"ltr\" data-wpcf7-id=\"265\">\n<div class=\"screen-reader-response\"><p role=\"status\" aria-live=\"polite\" aria-atomic=\"true\"><\/p> <ul><\/ul><\/div>\n<form action=\"\/wp\/wp-json\/wp\/v2\/pages\/266#wpcf7-f265-o1\" method=\"post\" class=\"wpcf7-form init\" aria-label=\"Formul\u00e1rio de contacto\" novalidate=\"novalidate\" data-status=\"init\">\n<fieldset class=\"hidden-fields-container\"><input type=\"hidden\" name=\"_wpcf7\" value=\"265\" \/><input type=\"hidden\" name=\"_wpcf7_version\" value=\"6.1.5\" \/><input type=\"hidden\" name=\"_wpcf7_locale\" value=\"pt_PT\" \/><input type=\"hidden\" name=\"_wpcf7_unit_tag\" value=\"wpcf7-f265-o1\" \/><input type=\"hidden\" name=\"_wpcf7_container_post\" value=\"0\" \/><input type=\"hidden\" name=\"_wpcf7_posted_data_hash\" value=\"\" \/>\n<\/fieldset>\n<p><label> Nome\/Empresa (obrigat\u00f3rio)<br \/>\n<span class=\"wpcf7-form-control-wrap\" data-name=\"your-name\"><input size=\"40\" maxlength=\"400\" class=\"wpcf7-form-control wpcf7-text wpcf7-validates-as-required\" aria-required=\"true\" aria-invalid=\"false\" value=\"\" type=\"text\" name=\"your-name\" \/><\/span> <\/label>\n<\/p>\n<p><label> E-mail (obrigat\u00f3rio)<br \/>\n<span class=\"wpcf7-form-control-wrap\" data-name=\"your-email\"><input size=\"40\" maxlength=\"400\" class=\"wpcf7-form-control wpcf7-email wpcf7-validates-as-required wpcf7-text wpcf7-validates-as-email\" aria-required=\"true\" aria-invalid=\"false\" value=\"\" type=\"email\" name=\"your-email\" \/><\/span> <\/label>\n<\/p>\n<p><label> Servi\u00e7o Pedido<br \/>\n<span class=\"wpcf7-form-control-wrap\" data-name=\"your_service\"><select class=\"wpcf7-form-control wpcf7-select wpcf7-validates-as-required\" aria-required=\"true\" aria-invalid=\"false\" name=\"your_service\"><option value=\"\">&#8212;Por favor escolha uma op\u00e7\u00e3o&#8212;<\/option><option value=\"C\u00f3pias a cores\">C\u00f3pias a cores<\/option><option value=\"C\u00f3pias a preto e branco\">C\u00f3pias a preto e branco<\/option><option value=\"Impress\u00f5es a cores\">Impress\u00f5es a cores<\/option><option value=\"Impress\u00f5es a preto  branco\">Impress\u00f5es a preto  branco<\/option><option value=\"Encaderna\u00e7\u00f5es\">Encaderna\u00e7\u00f5es<\/option><option value=\"Digitaliza\u00e7\u00f5es\">Digitaliza\u00e7\u00f5es<\/option><option value=\"Cart\u00f5es de visita\">Cart\u00f5es de visita<\/option><option value=\"Processamento de texto\">Processamento de texto<\/option><option value=\"Outros\">Outros<\/option><\/select><\/span><br \/>\n<\/label>\n<\/p>\n<p><label> Observa\u00e7\u00f5es<br \/>\n<span class=\"wpcf7-form-control-wrap\" data-name=\"your-message\"><textarea cols=\"40\" rows=\"10\" maxlength=\"2000\" class=\"wpcf7-form-control wpcf7-textarea\" aria-invalid=\"false\" name=\"your-message\"><\/textarea><\/span> <\/label>\n<\/p>\n<p><label> <i>Para evitar a prolifera\u00e7\u00e3o de contactos autom\u00e1ticos, responda \u00e0 seguinte quest\u00e3o:<\/i><\/label><br \/>\n<label><span class=\"wpcf7-form-control-wrap\" data-name=\"validaneves\"><label><span class=\"wpcf7-quiz-label\">Que n\u00famero \u00e9 maior, 3 ou 9?<\/span> <input size=\"40\" class=\"wpcf7-form-control wpcf7-quiz\" autocomplete=\"off\" aria-required=\"true\" aria-invalid=\"false\" type=\"text\" name=\"validaneves\" \/><\/label><input type=\"hidden\" name=\"_wpcf7_quiz_answer_validaneves\" value=\"f6b73dbdf0e5166c4d0874bbb73da3ce\" \/><\/span><\/label>\n<\/p>\n<p><input class=\"wpcf7-form-control wpcf7-submit has-spinner\" type=\"submit\" value=\"Enviar\" \/>\n<\/p><div class=\"wpcf7-response-output\" aria-hidden=\"true\"><\/div>\n<\/form>\n<\/div>\n<\/div>\n\t\t\t\t\t\t<\/div>\n\t\t\t\t<\/div>\n\t\t\t\t\t<\/div>\n\t\t<\/div>\n\t\t\t\t<div class=\"elementor-column elementor-col-50 elementor-inner-column elementor-element elementor-element-8e5aec5 elementor-hidden-phone\" data-id=\"8e5aec5\" data-element_type=\"column\" data-e-type=\"column\">\n\t\t\t<div class=\"elementor-widget-wrap elementor-element-populated\">\n\t\t\t\t\t\t<div class=\"elementor-element elementor-element-5d49ce9 elementor-widget elementor-widget-image\" data-id=\"5d49ce9\" data-element_type=\"widget\" data-e-type=\"widget\" data-widget_type=\"image.default\">\n\t\t\t\t<div class=\"elementor-widget-container\">\n\t\t\t\t\t\t\t\t\t\t\t\t\t\t\t<img fetchpriority=\"high\" decoding=\"async\" width=\"300\" height=\"200\" src=\"https:\/\/www.diolicopia.pt\/wp\/wp-content\/uploads\/2020\/03\/income-tax-4097292_640-300x200.jpg\" class=\"attachment-medium size-medium wp-image-275\" alt=\"Imagem de Steve Buissinne por Pixabay\" srcset=\"https:\/\/www.diolicopia.pt\/wp\/wp-content\/uploads\/2020\/03\/income-tax-4097292_640-300x200.jpg 300w, https:\/\/www.diolicopia.pt\/wp\/wp-content\/uploads\/2020\/03\/income-tax-4097292_640.jpg 640w\" sizes=\"(max-width: 300px) 100vw, 300px\" \/>\t\t\t\t\t\t\t\t\t\t\t\t\t\t\t<\/div>\n\t\t\t\t<\/div>\n\t\t\t\t<div class=\"elementor-element elementor-element-6f6a3f1 elementor-widget elementor-widget-image\" data-id=\"6f6a3f1\" data-element_type=\"widget\" data-e-type=\"widget\" data-widget_type=\"image.default\">\n\t\t\t\t<div class=\"elementor-widget-container\">\n\t\t\t\t\t\t\t\t\t\t\t\t\t\t\t<img decoding=\"async\" width=\"300\" height=\"200\" src=\"https:\/\/www.diolicopia.pt\/wp\/wp-content\/uploads\/2020\/03\/coins-912718_640-300x200.jpg\" class=\"attachment-medium size-medium wp-image-277\" alt=\"Imagem de Steve Buissinne por Pixabay\" srcset=\"https:\/\/www.diolicopia.pt\/wp\/wp-content\/uploads\/2020\/03\/coins-912718_640-300x200.jpg 300w, https:\/\/www.diolicopia.pt\/wp\/wp-content\/uploads\/2020\/03\/coins-912718_640.jpg 640w\" sizes=\"(max-width: 300px) 100vw, 300px\" \/>\t\t\t\t\t\t\t\t\t\t\t\t\t\t\t<\/div>\n\t\t\t\t<\/div>\n\t\t\t\t\t<\/div>\n\t\t<\/div>\n\t\t\t\t\t<\/div>\n\t\t<\/section>\n\t\t\t\t<div class=\"elementor-element elementor-element-ec729f6 elementor-widget elementor-widget-heading\" data-id=\"ec729f6\" data-element_type=\"widget\" data-e-type=\"widget\" data-widget_type=\"heading.default\">\n\t\t\t\t<div class=\"elementor-widget-container\">\n\t\t\t\t\t<h3 class=\"elementor-heading-title elementor-size-default\">Nota:<\/h3>\t\t\t\t<\/div>\n\t\t\t\t<\/div>\n\t\t\t\t<div class=\"elementor-element elementor-element-c37a6c4 elementor-widget elementor-widget-text-editor\" data-id=\"c37a6c4\" data-element_type=\"widget\" data-e-type=\"widget\" data-widget_type=\"text-editor.default\">\n\t\t\t\t<div class=\"elementor-widget-container\">\n\t\t\t\t\t\t\t\t\t<ul><li>\u00a0Os Campos marcados com * s\u00e3o de preenchimento Obrigat\u00f3rio.<\/li><li>Utilize o campo observa\u00e7\u00f5es sempre que quiser explicar com mais detalhe a natureza do trabalho que pretende, bem como elementos extra e\/ou n\u00e3o referidos no formul\u00e1rio.<\/li><\/ul>\t\t\t\t\t\t\t\t<\/div>\n\t\t\t\t<\/div>\n\t\t\t\t\t<\/div>\n\t\t<\/div>\n\t\t\t\t\t<\/div>\n\t\t<\/section>\n\t\t\t\t<section class=\"elementor-section elementor-top-section elementor-element elementor-element-30d91cc0 elementor-section-full_width elementor-section-height-default elementor-section-height-default\" data-id=\"30d91cc0\" data-element_type=\"section\" data-e-type=\"section\">\n\t\t\t\t\t\t<div class=\"elementor-container elementor-column-gap-default\">\n\t\t\t\t\t<div class=\"elementor-column elementor-col-100 elementor-top-column elementor-element elementor-element-1708a7cf\" data-id=\"1708a7cf\" data-element_type=\"column\" data-e-type=\"column\">\n\t\t\t<div class=\"elementor-widget-wrap elementor-element-populated\">\n\t\t\t\t\t\t<div class=\"elementor-element elementor-element-555c81eb elementor-widget elementor-widget-heading\" data-id=\"555c81eb\" data-element_type=\"widget\" data-e-type=\"widget\" data-widget_type=\"heading.default\">\n\t\t\t\t<div class=\"elementor-widget-container\">\n\t\t\t\t\t<h1 class=\"elementor-heading-title elementor-size-default\">Os nossos Servi\u00e7os<\/h1>\t\t\t\t<\/div>\n\t\t\t\t<\/div>\n\t\t\t\t\t<\/div>\n\t\t<\/div>\n\t\t\t\t\t<\/div>\n\t\t<\/section>\n\t\t\t\t<section class=\"elementor-section elementor-top-section elementor-element elementor-element-809c7a3 elementor-section-full_width elementor-section-height-default elementor-section-height-default\" data-id=\"809c7a3\" data-element_type=\"section\" data-e-type=\"section\">\n\t\t\t\t\t\t<div class=\"elementor-container elementor-column-gap-default\">\n\t\t\t\t\t<div class=\"elementor-column elementor-col-33 elementor-top-column elementor-element elementor-element-4e7cc2b\" data-id=\"4e7cc2b\" data-element_type=\"column\" data-e-type=\"column\">\n\t\t\t<div class=\"elementor-widget-wrap elementor-element-populated\">\n\t\t\t\t\t\t<div class=\"elementor-element elementor-element-27b55e04 elementor-position-top elementor-widget elementor-widget-image-box\" data-id=\"27b55e04\" data-element_type=\"widget\" data-e-type=\"widget\" data-widget_type=\"image-box.default\">\n\t\t\t\t<div class=\"elementor-widget-container\">\n\t\t\t\t\t<div class=\"elementor-image-box-wrapper\"><figure class=\"elementor-image-box-img\"><a href=\"https:\/\/www.diolicopia.pt\/wp\/copias\/\" tabindex=\"-1\"><img decoding=\"async\" width=\"300\" height=\"199\" src=\"https:\/\/www.diolicopia.pt\/wp\/wp-content\/uploads\/2020\/03\/trabalhadora.jpg\" class=\"attachment-medium size-medium wp-image-105\" alt=\"Fotoc\u00f3pias\" \/><\/a><\/figure><div class=\"elementor-image-box-content\"><h3 class=\"elementor-image-box-title\"><a href=\"https:\/\/www.diolicopia.pt\/wp\/copias\/\">C\u00f3pias\/Impress\u00e3o<\/a><\/h3><\/div><\/div>\t\t\t\t<\/div>\n\t\t\t\t<\/div>\n\t\t\t\t\t<\/div>\n\t\t<\/div>\n\t\t\t\t<div class=\"elementor-column elementor-col-33 elementor-top-column elementor-element elementor-element-34f776f3\" data-id=\"34f776f3\" data-element_type=\"column\" data-e-type=\"column\">\n\t\t\t<div class=\"elementor-widget-wrap elementor-element-populated\">\n\t\t\t\t\t\t<div class=\"elementor-element elementor-element-3ca615fd elementor-position-top elementor-widget elementor-widget-image-box\" data-id=\"3ca615fd\" data-element_type=\"widget\" data-e-type=\"widget\" data-widget_type=\"image-box.default\">\n\t\t\t\t<div class=\"elementor-widget-container\">\n\t\t\t\t\t<div class=\"elementor-image-box-wrapper\"><figure class=\"elementor-image-box-img\"><a href=\"https:\/\/www.diolicopia.pt\/wp\/digitalizacoes\/\" tabindex=\"-1\"><img loading=\"lazy\" decoding=\"async\" width=\"300\" height=\"201\" src=\"https:\/\/www.diolicopia.pt\/wp\/wp-content\/uploads\/2020\/03\/pexels-photo-3201784-e1585356698710-300x201.jpeg\" class=\"attachment-medium size-medium wp-image-96\" alt=\"Digitaliza\u00e7\u00f5es\" srcset=\"https:\/\/www.diolicopia.pt\/wp\/wp-content\/uploads\/2020\/03\/pexels-photo-3201784-e1585356698710-300x201.jpeg 300w, https:\/\/www.diolicopia.pt\/wp\/wp-content\/uploads\/2020\/03\/pexels-photo-3201784-e1585356698710-1024x685.jpeg 1024w, https:\/\/www.diolicopia.pt\/wp\/wp-content\/uploads\/2020\/03\/pexels-photo-3201784-e1585356698710-768x514.jpeg 768w, https:\/\/www.diolicopia.pt\/wp\/wp-content\/uploads\/2020\/03\/pexels-photo-3201784-e1585356698710.jpeg 1335w\" sizes=\"(max-width: 300px) 100vw, 300px\" \/><\/a><\/figure><div class=\"elementor-image-box-content\"><h3 class=\"elementor-image-box-title\"><a href=\"https:\/\/www.diolicopia.pt\/wp\/digitalizacoes\/\">Digitaliza\u00e7\u00e3o<\/a><\/h3><\/div><\/div>\t\t\t\t<\/div>\n\t\t\t\t<\/div>\n\t\t\t\t\t<\/div>\n\t\t<\/div>\n\t\t\t\t<div class=\"elementor-column elementor-col-33 elementor-top-column elementor-element elementor-element-64af81d0\" data-id=\"64af81d0\" data-element_type=\"column\" data-e-type=\"column\">\n\t\t\t<div class=\"elementor-widget-wrap elementor-element-populated\">\n\t\t\t\t\t\t<div class=\"elementor-element elementor-element-5cd496c2 elementor-position-top elementor-widget elementor-widget-image-box\" data-id=\"5cd496c2\" data-element_type=\"widget\" data-e-type=\"widget\" data-widget_type=\"image-box.default\">\n\t\t\t\t<div class=\"elementor-widget-container\">\n\t\t\t\t\t<div class=\"elementor-image-box-wrapper\"><figure class=\"elementor-image-box-img\"><a href=\"https:\/\/www.diolicopia.pt\/wp\/encadernacoes\/\" tabindex=\"-1\"><img loading=\"lazy\" decoding=\"async\" width=\"300\" height=\"198\" src=\"https:\/\/www.diolicopia.pt\/wp\/wp-content\/uploads\/2020\/03\/encadernacao.jpg\" class=\"attachment-full size-full wp-image-106\" alt=\"Encaderna\u00e7\u00e3o\" \/><\/a><\/figure><div class=\"elementor-image-box-content\"><h3 class=\"elementor-image-box-title\"><a href=\"https:\/\/www.diolicopia.pt\/wp\/encadernacoes\/\">Encaderna\u00e7\u00e3o<\/a><\/h3><\/div><\/div>\t\t\t\t<\/div>\n\t\t\t\t<\/div>\n\t\t\t\t\t<\/div>\n\t\t<\/div>\n\t\t\t\t\t<\/div>\n\t\t<\/section>\n\t\t\t\t<section class=\"elementor-section elementor-top-section elementor-element elementor-element-9f824d6 elementor-section-full_width elementor-section-height-default elementor-section-height-default\" data-id=\"9f824d6\" data-element_type=\"section\" data-e-type=\"section\">\n\t\t\t\t\t\t<div class=\"elementor-container elementor-column-gap-default\">\n\t\t\t\t\t<div class=\"elementor-column elementor-col-33 elementor-top-column elementor-element elementor-element-67bd831a\" data-id=\"67bd831a\" data-element_type=\"column\" data-e-type=\"column\">\n\t\t\t<div class=\"elementor-widget-wrap elementor-element-populated\">\n\t\t\t\t\t\t<div class=\"elementor-element elementor-element-70c9570c elementor-position-top elementor-widget elementor-widget-image-box\" data-id=\"70c9570c\" data-element_type=\"widget\" data-e-type=\"widget\" data-widget_type=\"image-box.default\">\n\t\t\t\t<div class=\"elementor-widget-container\">\n\t\t\t\t\t<div class=\"elementor-image-box-wrapper\"><figure class=\"elementor-image-box-img\"><a href=\"https:\/\/www.diolicopia.pt\/wp\/trabalhos-computador\/\" tabindex=\"-1\"><img loading=\"lazy\" decoding=\"async\" width=\"300\" height=\"200\" src=\"https:\/\/www.diolicopia.pt\/wp\/wp-content\/uploads\/2020\/03\/student-849822_640-300x200.jpg\" class=\"attachment-medium size-medium wp-image-147\" alt=\"Trabalhos Computador\" srcset=\"https:\/\/www.diolicopia.pt\/wp\/wp-content\/uploads\/2020\/03\/student-849822_640-300x200.jpg 300w, https:\/\/www.diolicopia.pt\/wp\/wp-content\/uploads\/2020\/03\/student-849822_640.jpg 640w\" sizes=\"(max-width: 300px) 100vw, 300px\" \/><\/a><\/figure><div class=\"elementor-image-box-content\"><h3 class=\"elementor-image-box-title\"><a href=\"https:\/\/www.diolicopia.pt\/wp\/trabalhos-computador\/\">Trabalhos Computador<\/a><\/h3><\/div><\/div>\t\t\t\t<\/div>\n\t\t\t\t<\/div>\n\t\t\t\t\t<\/div>\n\t\t<\/div>\n\t\t\t\t<div class=\"elementor-column elementor-col-33 elementor-top-column elementor-element elementor-element-23c5baa\" data-id=\"23c5baa\" data-element_type=\"column\" data-e-type=\"column\">\n\t\t\t<div class=\"elementor-widget-wrap elementor-element-populated\">\n\t\t\t\t\t\t<div class=\"elementor-element elementor-element-70f34ffe elementor-position-top elementor-widget elementor-widget-image-box\" data-id=\"70f34ffe\" data-element_type=\"widget\" data-e-type=\"widget\" data-widget_type=\"image-box.default\">\n\t\t\t\t<div class=\"elementor-widget-container\">\n\t\t\t\t\t<div class=\"elementor-image-box-wrapper\"><figure class=\"elementor-image-box-img\"><a href=\"https:\/\/www.diolicopia.pt\/wp\/grafismo-impressao\/\" tabindex=\"-1\"><img loading=\"lazy\" decoding=\"async\" width=\"300\" height=\"196\" src=\"https:\/\/www.diolicopia.pt\/wp\/wp-content\/uploads\/2020\/03\/hands-4947657_640-e1585357930693-300x196.png\" class=\"attachment-medium size-medium wp-image-148\" alt=\"Cart\u00e3o Visita\" srcset=\"https:\/\/www.diolicopia.pt\/wp\/wp-content\/uploads\/2020\/03\/hands-4947657_640-e1585357930693-300x196.png 300w, https:\/\/www.diolicopia.pt\/wp\/wp-content\/uploads\/2020\/03\/hands-4947657_640-e1585357930693.png 640w\" sizes=\"(max-width: 300px) 100vw, 300px\" \/><\/a><\/figure><div class=\"elementor-image-box-content\"><h3 class=\"elementor-image-box-title\"><a href=\"https:\/\/www.diolicopia.pt\/wp\/grafismo-impressao\/\">Grafismo <\/a><\/h3><\/div><\/div>\t\t\t\t<\/div>\n\t\t\t\t<\/div>\n\t\t\t\t\t<\/div>\n\t\t<\/div>\n\t\t\t\t<div class=\"elementor-column elementor-col-33 elementor-top-column elementor-element elementor-element-68b9843b\" data-id=\"68b9843b\" data-element_type=\"column\" data-e-type=\"column\">\n\t\t\t<div class=\"elementor-widget-wrap elementor-element-populated\">\n\t\t\t\t\t\t<div class=\"elementor-element elementor-element-7bbf2672 elementor-position-top elementor-widget elementor-widget-image-box\" data-id=\"7bbf2672\" data-element_type=\"widget\" data-e-type=\"widget\" data-widget_type=\"image-box.default\">\n\t\t\t\t<div class=\"elementor-widget-container\">\n\t\t\t\t\t<div class=\"elementor-image-box-wrapper\"><figure class=\"elementor-image-box-img\"><a href=\"https:\/\/www.diolicopia.pt\/wp\/artigos-papelaria\/\" tabindex=\"-1\"><img loading=\"lazy\" decoding=\"async\" width=\"300\" height=\"200\" src=\"https:\/\/www.diolicopia.pt\/wp\/wp-content\/uploads\/2020\/03\/material_escritorio.jpg\" class=\"attachment-full size-full wp-image-109\" alt=\"Material Escrit\u00f3rio\" \/><\/a><\/figure><div class=\"elementor-image-box-content\"><h3 class=\"elementor-image-box-title\"><a href=\"https:\/\/www.diolicopia.pt\/wp\/artigos-papelaria\/\">Artigos Papelaria<\/a><\/h3><\/div><\/div>\t\t\t\t<\/div>\n\t\t\t\t<\/div>\n\t\t\t\t\t<\/div>\n\t\t<\/div>\n\t\t\t\t\t<\/div>\n\t\t<\/section>\n\t\t\t\t<\/div>\n\t\t","protected":false},"excerpt":{"rendered":"<p>Or\u00e7amentos Nota: \u00a0Os Campos marcados com * s\u00e3o de preenchimento Obrigat\u00f3rio. Utilize o campo observa\u00e7\u00f5es sempre que quiser explicar com mais detalhe a natureza do trabalho que pretende, bem como elementos extra e\/ou n\u00e3o referidos no formul\u00e1rio. Os nossos Servi\u00e7os C\u00f3pias\/Impress\u00e3o Digitaliza\u00e7\u00e3o Encaderna\u00e7\u00e3o Trabalhos Computador Grafismo Artigos Papelaria<\/p>\n","protected":false},"author":1,"featured_media":0,"parent":0,"menu_order":0,"comment_status":"closed","ping_status":"closed","template":"","meta":{"footnotes":""},"class_list":["post-266","page","type-page","status-publish","hentry","entry"],"aioseo_notices":[],"_links":{"self":[{"href":"https:\/\/www.diolicopia.pt\/wp\/wp-json\/wp\/v2\/pages\/266","targetHints":{"allow":["GET"]}}],"collection":[{"href":"https:\/\/www.diolicopia.pt\/wp\/wp-json\/wp\/v2\/pages"}],"about":[{"href":"https:\/\/www.diolicopia.pt\/wp\/wp-json\/wp\/v2\/types\/page"}],"author":[{"embeddable":true,"href":"https:\/\/www.diolicopia.pt\/wp\/wp-json\/wp\/v2\/users\/1"}],"replies":[{"embeddable":true,"href":"https:\/\/www.diolicopia.pt\/wp\/wp-json\/wp\/v2\/comments?post=266"}],"version-history":[{"count":10,"href":"https:\/\/www.diolicopia.pt\/wp\/wp-json\/wp\/v2\/pages\/266\/revisions"}],"predecessor-version":[{"id":304,"href":"https:\/\/www.diolicopia.pt\/wp\/wp-json\/wp\/v2\/pages\/266\/revisions\/304"}],"wp:attachment":[{"href":"https:\/\/www.diolicopia.pt\/wp\/wp-json\/wp\/v2\/media?parent=266"}],"curies":[{"name":"wp","href":"https:\/\/api.w.org\/{rel}","templated":true}]}}